{"id":45911,"date":"2024-04-30T11:16:52","date_gmt":"2024-04-30T14:16:52","guid":{"rendered":"https:\/\/www.samnaz.org\/?page_id=45911"},"modified":"2024-04-30T11:18:32","modified_gmt":"2024-04-30T14:18:32","slug":"cdc-marco-legal","status":"publish","type":"page","link":"https:\/\/www.samnaz.org\/pt\/cdc-marco-legal\/","title":{"rendered":"cdc-marco-legal"},"content":{"rendered":"<p>[et_pb_section fb_built=\u00bb1&#8243; _builder_version=\u00bb4.25.0&#8243; _module_preset=\u00bbdefault\u00bb global_colors_info=\u00bb{}\u00bb][et_pb_row column_structure=\u00bb1_2,1_2&#8243; _builder_version=\u00bb4.25.0&#8243; _module_preset=\u00bbdefault\u00bb global_colors_info=\u00bb{}\u00bb][et_pb_column type=\u00bb1_2&#8243; _builder_version=\u00bb4.25.0&#8243; _module_preset=\u00bbdefault\u00bb global_colors_info=\u00bb{}\u00bb][et_pb_text _builder_version=\u00bb4.25.0&#8243; _module_preset=\u00bbdefault\u00bb hover_enabled=\u00bb0&#8243; global_colors_info=\u00bb{}\u00bb sticky_enabled=\u00bb0&#8243;]<\/p>\n<div>\n<h2><strong>ESPA\u00d1OL<\/strong><\/h2>\n<h2>Marco Legal Cuidando de los que Cuidan<\/h2>\n<h3>Responsable del programa<\/h3>\n<div>El Ministerio Cuidando de los que Cuidan es un programa que esta siendo desarrollado por la oficina del Area del Cono Sur, por el Reverendo Alessandro Polonio en su asignacio\u0301n de CEA (Coordinador de Estrategia de Area), por Thais Helena Ribeiro, misionera\/asistente administrativa de Area y por Esteban Eduardo Albornoz, enfermero por la Cruz Roja.<\/div>\n<h3>Definicio\u0301n de la problema\u0301tica<\/h3>\n<div>Muchas familias pastorales y misioneras no tienen obra social, dependiendo exclusivamente de la atencio\u0301n publica; lo que en esta e\u0301poca de pandemia ha sido muy difi\u0301cil.<\/div>\n<h3>Objetivo del programa<\/h3>\n<div>La e-consulta es una estrategia reconocida y valida para otorgar prestaciones de salud a las comunidades y tiene como objetivo la implementacio\u0301n de una red que permita la atencio\u0301n primaria a distancia del paciente mediante el uso de las tecnologi\u0301as de informacio\u0301n y comunicacio\u0301n, bajo esta\u0301ndares de interoperabilidad, seguridad y privacidad de la informacio\u0301n, que impulse pra\u0301cticas seguras y de calidad centradas en la persona.<\/div>\n<div>La atencio\u0301n de e-consulta esta destinada exclusivamente a pastores, misioneros y sus familiares directos que viven en el Cono Sur, o sea, en los pai\u0301ses de Argentina, Chile, Paraguay y Uruguay. El equipo de salud esta compuesta por voluntarios, es decir no reciben ninguna remuneracio\u0301n, ellos decidieron ofrendar parte de su tiempo y vocacio\u0301n para suplir esta necesidad que fue apuntada.<\/div>\n<h3>Aspectos \u00c9ticos<\/h3>\n<div>Relacio\u0301n profesional de salud &#8211; paciente<\/div>\n<div>Sin dejar de lado los beneficios respecto a la mejor comunicacio\u0301n y atencio\u0301n del paciente, debemos sen\u0303alar posibles factores que pueden cambiar esta relacio\u0301n. Fundamentalmente esta\u0301n asociados a la despersonalizacio\u0301n o interaccio\u0301n indirecta con los pacientes, las diferencias en el proceso de consulta medica completa, por ejemplo por la falta de examen fi\u0301sico. Este aspecto se subsana si en la interaccio\u0301n el paciente es consciente de la limitacio\u0301n del examen fisico por lo tanto si el profesional lo requiere recomendara\u0301 la derivacio\u0301n del paciente a una consulta presencial con un profesional.<\/div>\n<h3>Rol del paciente<\/h3>\n<div>Es responsabilidad del medico\/profesional asegurar que el paciente reciba una orientacio\u0301n apropiada, clara y se asegure del entendimiento de los procedimientos e indicaciones necesarias, adema\u0301s verificar que es fi\u0301sicamente capaz y que se da cuenta de la importancia de su rol en el proceso. El mismo principio se debe aplicar a un miembro de la familia o a otra persona que ayude al paciente a utilizar la e-consulta.<\/div>\n<h3>Consentimiento y confidencialidad del paciente<\/h3>\n<div>Las reglas del consentimiento y confidencialidad del usuario tambie\u0301n se aplican a las situaciones de e-consulta. La informacio\u0301n de la persona puede ser traspasada al me\u0301dico o a otro profesional de salud y debe ser pertinente al problema en cuestio\u0301n. Debido a los riesgos de filtracio\u0301n de informacio\u0301n inherentes a ciertos tipos de comunicacio\u0301n electro\u0301nica el profesional tiene la obligacio\u0301n de asegurar que se hayan aplicado todos los protocolos de seguridad establecidos para el traspaso de la informacio\u0301n.<\/div>\n<h3>Calidad de la informaci\u00f3n<\/h3>\n<div>El profesional de salud debe evaluar cuidadosamente la informacio\u0301n que recibe. El profesional de salud so\u0301lo puede dar opiniones y recomendaciones me\u0301dicas o tomar una decisio\u0301n medica, si la calidad y la cantidad de informacio\u0301n recibida es suficiente y pertinente para el caso en cuestio\u0301n.<\/div>\n<h3>Historial cl\u00ednico del paciente<\/h3>\n<div>Todos los profesionales de salud que utilicen la e-consulta deben mantener historiales cli\u0301nicos adecuados de los pacientes y todos los aspectos de cada caso deben estar documentados debidamente. Se debe registrar el me\u0301todo de identificacio\u0301n del paciente y tambie\u0301n la cantidad y calidad de informacio\u0301n recibida. Se deben registrar adecuadamente los hallazgos, recomendaciones y servicios de e-consulta utilizados y se debe hacer todo lo posible para asegurar la durabilidad y la exactitud de la informacio\u0301n almacenada. El experto que es consultado a trave\u0301s de la e-consulta debe mantener un historial cli\u0301nico detallado de las opciones que entrega y tambie\u0301n de la informacio\u0301n en que se basaron.<\/div>\n<div>Se debe contar con registro cli\u0301nico electro\u0301nico que idealmente interopere con otros sistemas de informacio\u0301n.<\/div>\n<h3>Orientaciones<\/h3>\n<div>En el caso de que los me\u0301dicos y\/o profesionales de salud no hayan hecho un contacto previo con el paciente se sugiere, de ser posible, que otros profesionales del equipo de salud, como enfermeros, acompan\u0303en al paciente al primer encuentro. Para ello, se sugiere que los mismos hayan realizado un examen cli\u0301nico preliminar del paciente, acorde al motivo de consulta del programa de e-consulta especi\u0301fico. De esta forma se podra\u0301 presentar el caso eficientemente ante el me\u0301dico\/especialista consultor.<\/div>\n<div>El programa no garantiza la atencio\u0301n de todas las especialidades y tambie\u0301n la disponibilidad de los profesionales de salud.<\/div>\n<div>\u00a0<\/div>\n<\/div>\n<p>[\/et_pb_text][\/et_pb_column][et_pb_column type=\u00bb1_2&#8243; _builder_version=\u00bb4.25.0&#8243; _module_preset=\u00bbdefault\u00bb global_colors_info=\u00bb{}\u00bb][et_pb_text _builder_version=\u00bb4.25.0&#8243; _module_preset=\u00bbdefault\u00bb hover_enabled=\u00bb0&#8243; global_colors_info=\u00bb{}\u00bb sticky_enabled=\u00bb0&#8243;]<\/p>\n<h2><strong>PORTUGU\u00caS<\/strong><\/h2>\n<h2>Marco Legal Cuidando daqueles que Cuidam<\/h2>\n<h3>Gerenciador de programa<\/h3>\n<div>O Minist\u00e9rio Cuidando daqueles que Cuidam \u00e9 um programa que est\u00e1 sendo desenvolvido pelo escrit\u00f3rio da \u00c1rea Cone Sul, pelo Reverendo Alessandro Polonio em sua atribui\u00e7\u00e3o CEA (Coordenador de Estrat\u00e9gia de \u00c1rea), por Thais Helena Ribeiro, mission\u00e1ria\/assistente administrativa da \u00c1rea e por Esteban Eduardo Albornoz, enfermeira da Cruz Vermelha.<\/div>\n<h3>Defini\u00e7\u00e3o do problema<\/h3>\n<div>Muitas fam\u00edlias pastorais e mission\u00e1rias n\u00e3o t\u00eam trabalho social, dependendo exclusivamente da aten\u00e7\u00e3o p\u00fablica; o que neste tempo de pandemia tem sido muito dif\u00edcil.<\/div>\n<h3>Objetivo do programa<\/h3>\n<div>A consulta electr\u00f3nica \u00e9 uma estrat\u00e9gia reconhecida e v\u00e1lida para a presta\u00e7\u00e3o de servi\u00e7os de sa\u00fade \u00e0s comunidades e tem como objectivo a implementa\u00e7\u00e3o de uma rede que permita cuidados prim\u00e1rios \u00e0 dist\u00e2ncia do paciente atrav\u00e9s da utiliza\u00e7\u00e3o de tecnologias de informa\u00e7\u00e3o e comunica\u00e7\u00e3o, sob padr\u00f5es de interoperabilidade, seguran\u00e7a e privacidade das informa\u00e7\u00f5es, que promove pr\u00e1ticas seguras e de qualidade centradas na pessoa.<\/div>\n<div>O servi\u00e7o de e-consulta \u00e9 destinado exclusivamente a pastores, mission\u00e1rios e seus familiares imediatos que moram no Cone Sul, ou seja, nos pa\u00edses da Argentina, Chile, Paraguai e Uruguai. A equipe de sa\u00fade \u00e9 formada por volunt\u00e1rios, ou seja, n\u00e3o recebem nenhuma remunera\u00e7\u00e3o, decidiram oferecer parte do seu tempo e voca\u00e7\u00e3o para suprir essa necessidade que foi apontada.<\/div>\n<h3>Aspectos \u00e9ticos<\/h3>\n<div>Rela\u00e7\u00e3o profissional de sa\u00fade &#8211; paciente<\/div>\n<div>Sem deixar de lado os benef\u00edcios em termos de melhor comunica\u00e7\u00e3o e atendimento ao paciente, devemos apontar poss\u00edveis fatores que podem alterar essa rela\u00e7\u00e3o. Fundamentalmente, as diferen\u00e7as no processo completo de consulta m\u00e9dica, por exemplo devido \u00e0 falta de exame f\u00edsico, est\u00e3o associadas \u00e0 despersonaliza\u00e7\u00e3o ou \u00e0 intera\u00e7\u00e3o indireta com os pacientes. Esse aspecto \u00e9 corrigido se na intera\u00e7\u00e3o o paciente tiver consci\u00eancia da limita\u00e7\u00e3o do exame f\u00edsico, portanto, caso o profissional necessite, recomendar\u00e1 encaminhar o paciente para uma consulta presencial com um profissional;<\/div>\n<h3>Papel do paciente<\/h3>\n<div>\u00c9 responsabilidade do m\u00e9dico\/profissional garantir que o paciente receba orienta\u00e7\u00f5es adequadas e claras e garanta a compreens\u00e3o dos procedimentos e indica\u00e7\u00f5es necess\u00e1rias, bem como verificar se ele est\u00e1 fisicamente apto e percebe a import\u00e2ncia de seu papel no o processo. O mesmo princ\u00edpio deve aplicar-se a um membro da fam\u00edlia ou a outra pessoa que ajude o paciente a utilizar a consulta eletr\u00f3nica.<\/div>\n<div>Consentimento e confidencialidade do paciente<\/div>\n<div>As regras de consentimento e confidencialidade do utilizador tamb\u00e9m se aplicam a situa\u00e7\u00f5es de consulta eletr\u00f3nica. As informa\u00e7\u00f5es da pessoa podem ser transferidas para o m\u00e9dico ou outro profissional de sa\u00fade e devem ser relevantes para o problema em quest\u00e3o. Devido aos riscos de vazamento de informa\u00e7\u00f5es inerentes a determinados tipos de comunica\u00e7\u00e3o eletr\u00f4nica, o profissional tem a obriga\u00e7\u00e3o de garantir que todos os protocolos de seguran\u00e7a estabelecidos para a transfer\u00eancia de informa\u00e7\u00f5es foram aplicados.<\/div>\n<h3>Qualidade da informa\u00e7\u00e3o<\/h3>\n<div>O profissional de sa\u00fade deve avaliar cuidadosamente as informa\u00e7\u00f5es que recebe. O profissional de sa\u00fade s\u00f3 pode dar pareceres e recomenda\u00e7\u00f5es m\u00e9dicas ou tomar uma decis\u00e3o m\u00e9dica se a qualidade e quantidade da informa\u00e7\u00e3o recebida for suficiente e relevante para o caso em quest\u00e3o.<\/div>\n<h3>Hist\u00f3ria cl\u00ednica do paciente<\/h3>\n<div>Todos os profissionais de sa\u00fade que utilizam a consulta eletr\u00f3nica devem manter registos adequados dos pacientes e todos os aspetos de cada caso devem ser devidamente documentados. O m\u00e9todo de identifica\u00e7\u00e3o do paciente deve ser registrado, bem como a quantidade e qualidade das informa\u00e7\u00f5es recebidas. As conclus\u00f5es, recomenda\u00e7\u00f5es e servi\u00e7os de consulta eletr\u00f3nica utilizados devem ser devidamente registados e devem ser feitos todos os esfor\u00e7os para garantir a durabilidade e a precis\u00e3o da informa\u00e7\u00e3o armazenada. O perito consultado atrav\u00e9s da consulta eletr\u00f3nica dever\u00e1 manter um hist\u00f3rico cl\u00ednico detalhado das op\u00e7\u00f5es disponibilizadas e tamb\u00e9m das informa\u00e7\u00f5es em que se basearam.<\/div>\n<div>Deve haver um prontu\u00e1rio cl\u00ednico eletr\u00f4nico que interopere idealmente com outros sistemas de informa\u00e7\u00e3o.<\/div>\n<h3>Orienta\u00e7\u00e3o<\/h3>\n<div>Caso m\u00e9dicos e\/ou profissionais de sa\u00fade n\u00e3o tenham feito contato pr\u00e9vio com o paciente, sugere-se, se poss\u00edvel, que outros profissionais da equipe de sa\u00fade, como enfermeiros, acompanhem o paciente no primeiro encontro. Para tal, sugere-se que tenham realizado um exame cl\u00ednico preliminar do paciente, de acordo com o motivo da consulta do programa espec\u00edfico de e-consulta. Desta forma o caso pode ser apresentado de forma eficiente ao m\u00e9dico\/especialista consultor.<\/div>\n<div>O programa n\u00e3o garante atendimento em todas as especialidades e tamb\u00e9m disponibilidade de profissionais de sa\u00fade.<\/div>\n<p>[\/et_pb_text][\/et_pb_column][\/et_pb_row][\/et_pb_section]<\/p>\n<span class=\"et_bloom_bottom_trigger\"><\/span>","protected":false},"excerpt":{"rendered":"<p>ESPA\u00d1OL Marco Legal Cuidando de los que Cuidan Responsable del programa El Ministerio Cuidando de los que Cuidan es un programa que esta siendo desarrollado por la oficina del Area del Cono Sur, por el Reverendo Alessandro Polonio en su asignacio\u0301n de CEA (Coordinador de Estrategia de Area), por Thais Helena Ribeiro, misionera\/asistente administrativa de [&hellip;]<\/p>","protected":false},"author":1,"featured_media":0,"parent":0,"menu_order":0,"comment_status":"closed","ping_status":"closed","template":"page-template-blank.php","meta":{"_et_pb_use_builder":"on","_et_pb_old_content":"","_et_gb_content_width":"","_monsterinsights_skip_tracking":false,"_monsterinsights_sitenote_active":false,"_monsterinsights_sitenote_note":"","_monsterinsights_sitenote_category":0,"_vp_format_video_url":"","_vp_image_focal_point":[],"footnotes":""},"class_list":["post-45911","page","type-page","status-publish","hentry"],"yoast_head":"<!-- This site is optimized with the Yoast SEO Premium plugin v23.6 (Yoast SEO v27.5) - https:\/\/yoast.com\/product\/yoast-seo-premium-wordpress\/ -->\n<title>cdc-marco-legal | Iglesia del Nazareno Am\u00e9rica del Sur samnaz<\/title>\n<meta name=\"description\" content=\"Iglesia del Nazareno Am\u00e9rica del Sur cdc-marco-legal Iglesia del Nazareno\" \/>\n<meta name=\"robots\" content=\"index, follow, max-snippet:-1, max-image-preview:large, max-video-preview:-1\" \/>\n<link rel=\"canonical\" href=\"https:\/\/www.samnaz.org\/pt\/cdc-marco-legal\/\" \/>\n<meta property=\"og:locale\" content=\"pt_BR\" \/>\n<meta property=\"og:type\" content=\"article\" \/>\n<meta property=\"og:title\" content=\"cdc-marco-legal\" \/>\n<meta property=\"og:description\" content=\"cdc-marco-legal\" \/>\n<meta property=\"og:url\" content=\"https:\/\/www.samnaz.org\/pt\/cdc-marco-legal\/\" \/>\n<meta property=\"og:site_name\" content=\"Iglesia del Nazareno Am\u00e9rica del Sur\" \/>\n<meta property=\"article:publisher\" content=\"https:\/\/www.facebook.com\/NazarenoEsp\" \/>\n<meta property=\"article:modified_time\" content=\"2024-04-30T14:18:32+00:00\" \/>\n<meta property=\"og:image\" content=\"https:\/\/www.samnaz.org\/wp-content\/uploads\/2021\/04\/Logo-3-ESP.png\" \/>\n\t<meta property=\"og:image:width\" content=\"1041\" \/>\n\t<meta property=\"og:image:height\" content=\"780\" \/>\n\t<meta property=\"og:image:type\" content=\"image\/png\" \/>\n<meta name=\"twitter:card\" content=\"summary_large_image\" \/>\n<meta name=\"twitter:label1\" content=\"Est. tempo de leitura\" \/>\n\t<meta name=\"twitter:data1\" content=\"7 minutos\" \/>\n<script type=\"application\/ld+json\" class=\"yoast-schema-graph\">{\"@context\":\"https:\\\/\\\/schema.org\",\"@graph\":[{\"@type\":\"WebPage\",\"@id\":\"https:\\\/\\\/www.samnaz.org\\\/cdc-marco-legal\\\/\",\"url\":\"https:\\\/\\\/www.samnaz.org\\\/cdc-marco-legal\\\/\",\"name\":\"cdc-marco-legal | Iglesia del Nazareno Am\u00e9rica del Sur samnaz\",\"isPartOf\":{\"@id\":\"https:\\\/\\\/www.samnaz.org\\\/#website\"},\"datePublished\":\"2024-04-30T14:16:52+00:00\",\"dateModified\":\"2024-04-30T14:18:32+00:00\",\"description\":\"Iglesia del Nazareno Am\u00e9rica del Sur cdc-marco-legal Iglesia del Nazareno\",\"inLanguage\":\"pt-BR\",\"potentialAction\":[{\"@type\":\"ReadAction\",\"target\":[\"https:\\\/\\\/www.samnaz.org\\\/cdc-marco-legal\\\/\"]}]},{\"@type\":\"WebSite\",\"@id\":\"https:\\\/\\\/www.samnaz.org\\\/#website\",\"url\":\"https:\\\/\\\/www.samnaz.org\\\/\",\"name\":\"Haciendo Disc\u00edpulos Semejantes a Cristo en las naciones\",\"description\":\"Haciendo disc\u00edpulos semejantes a Cristo en las Naciones\",\"publisher\":{\"@id\":\"https:\\\/\\\/www.samnaz.org\\\/#organization\"},\"alternateName\":\"Viviendo la Gran Comisi\u00f3n\",\"potentialAction\":[{\"@type\":\"SearchAction\",\"target\":{\"@type\":\"EntryPoint\",\"urlTemplate\":\"https:\\\/\\\/www.samnaz.org\\\/?s={search_term_string}\"},\"query-input\":{\"@type\":\"PropertyValueSpecification\",\"valueRequired\":true,\"valueName\":\"search_term_string\"}}],\"inLanguage\":\"pt-BR\"},{\"@type\":\"Organization\",\"@id\":\"https:\\\/\\\/www.samnaz.org\\\/#organization\",\"name\":\"Iglesia del Nazareno Am\u00e9rica del Sur\",\"url\":\"https:\\\/\\\/www.samnaz.org\\\/\",\"logo\":{\"@type\":\"ImageObject\",\"inLanguage\":\"pt-BR\",\"@id\":\"https:\\\/\\\/www.samnaz.org\\\/#\\\/schema\\\/logo\\\/image\\\/\",\"url\":\"https:\\\/\\\/www.samnaz.org\\\/wp-content\\\/uploads\\\/2021\\\/04\\\/Logo-3-ESP.png\",\"contentUrl\":\"https:\\\/\\\/www.samnaz.org\\\/wp-content\\\/uploads\\\/2021\\\/04\\\/Logo-3-ESP.png\",\"width\":1041,\"height\":780,\"caption\":\"Iglesia del Nazareno Am\u00e9rica del Sur\"},\"image\":{\"@id\":\"https:\\\/\\\/www.samnaz.org\\\/#\\\/schema\\\/logo\\\/image\\\/\"},\"sameAs\":[\"https:\\\/\\\/www.facebook.com\\\/NazarenoEsp\",\"https:\\\/\\\/www.instagram.com\\\/nazarenoesp\\\/\"],\"publishingPrinciples\":\"https:\\\/\\\/www.samnaz.org\\\/\"}]}<\/script>\n<!-- \/ Yoast SEO Premium plugin. -->","yoast_head_json":{"title":"cdc-marco-legal | Iglesia del Nazareno Am\u00e9rica del Sur samnaz","description":"Iglesia del Nazareno Am\u00e9rica del Sur cdc-marco-legal Iglesia del Nazareno","robots":{"index":"index","follow":"follow","max-snippet":"max-snippet:-1","max-image-preview":"max-image-preview:large","max-video-preview":"max-video-preview:-1"},"canonical":"https:\/\/www.samnaz.org\/pt\/cdc-marco-legal\/","og_locale":"pt_BR","og_type":"article","og_title":"cdc-marco-legal","og_description":"cdc-marco-legal","og_url":"https:\/\/www.samnaz.org\/pt\/cdc-marco-legal\/","og_site_name":"Iglesia del Nazareno Am\u00e9rica del Sur","article_publisher":"https:\/\/www.facebook.com\/NazarenoEsp","article_modified_time":"2024-04-30T14:18:32+00:00","og_image":[{"width":1041,"height":780,"url":"https:\/\/www.samnaz.org\/wp-content\/uploads\/2021\/04\/Logo-3-ESP.png","type":"image\/png"}],"twitter_card":"summary_large_image","twitter_misc":{"Est. tempo de leitura":"7 minutos"},"schema":{"@context":"https:\/\/schema.org","@graph":[{"@type":"WebPage","@id":"https:\/\/www.samnaz.org\/cdc-marco-legal\/","url":"https:\/\/www.samnaz.org\/cdc-marco-legal\/","name":"cdc-marco-legal | Iglesia del Nazareno Am\u00e9rica del Sur samnaz","isPartOf":{"@id":"https:\/\/www.samnaz.org\/#website"},"datePublished":"2024-04-30T14:16:52+00:00","dateModified":"2024-04-30T14:18:32+00:00","description":"Iglesia del Nazareno Am\u00e9rica del Sur cdc-marco-legal Iglesia del Nazareno","inLanguage":"pt-BR","potentialAction":[{"@type":"ReadAction","target":["https:\/\/www.samnaz.org\/cdc-marco-legal\/"]}]},{"@type":"WebSite","@id":"https:\/\/www.samnaz.org\/#website","url":"https:\/\/www.samnaz.org\/","name":"Haciendo Disc\u00edpulos Semejantes a Cristo en las naciones","description":"Haciendo disc\u00edpulos semejantes a Cristo en las Naciones","publisher":{"@id":"https:\/\/www.samnaz.org\/#organization"},"alternateName":"Viviendo la Gran Comisi\u00f3n","potentialAction":[{"@type":"SearchAction","target":{"@type":"EntryPoint","urlTemplate":"https:\/\/www.samnaz.org\/?s={search_term_string}"},"query-input":{"@type":"PropertyValueSpecification","valueRequired":true,"valueName":"search_term_string"}}],"inLanguage":"pt-BR"},{"@type":"Organization","@id":"https:\/\/www.samnaz.org\/#organization","name":"Iglesia del Nazareno Am\u00e9rica del Sur","url":"https:\/\/www.samnaz.org\/","logo":{"@type":"ImageObject","inLanguage":"pt-BR","@id":"https:\/\/www.samnaz.org\/#\/schema\/logo\/image\/","url":"https:\/\/www.samnaz.org\/wp-content\/uploads\/2021\/04\/Logo-3-ESP.png","contentUrl":"https:\/\/www.samnaz.org\/wp-content\/uploads\/2021\/04\/Logo-3-ESP.png","width":1041,"height":780,"caption":"Iglesia del Nazareno Am\u00e9rica del Sur"},"image":{"@id":"https:\/\/www.samnaz.org\/#\/schema\/logo\/image\/"},"sameAs":["https:\/\/www.facebook.com\/NazarenoEsp","https:\/\/www.instagram.com\/nazarenoesp\/"],"publishingPrinciples":"https:\/\/www.samnaz.org\/"}]}},"_links":{"self":[{"href":"https:\/\/www.samnaz.org\/pt\/wp-json\/wp\/v2\/pages\/45911","targetHints":{"allow":["GET"]}}],"collection":[{"href":"https:\/\/www.samnaz.org\/pt\/wp-json\/wp\/v2\/pages"}],"about":[{"href":"https:\/\/www.samnaz.org\/pt\/wp-json\/wp\/v2\/types\/page"}],"author":[{"embeddable":true,"href":"https:\/\/www.samnaz.org\/pt\/wp-json\/wp\/v2\/users\/1"}],"replies":[{"embeddable":true,"href":"https:\/\/www.samnaz.org\/pt\/wp-json\/wp\/v2\/comments?post=45911"}],"version-history":[{"count":3,"href":"https:\/\/www.samnaz.org\/pt\/wp-json\/wp\/v2\/pages\/45911\/revisions"}],"predecessor-version":[{"id":45916,"href":"https:\/\/www.samnaz.org\/pt\/wp-json\/wp\/v2\/pages\/45911\/revisions\/45916"}],"wp:attachment":[{"href":"https:\/\/www.samnaz.org\/pt\/wp-json\/wp\/v2\/media?parent=45911"}],"curies":[{"name":"wp","href":"https:\/\/api.w.org\/{rel}","templated":true}]}}